{"id":377,"date":"2024-02-27T04:04:06","date_gmt":"2024-02-27T04:04:06","guid":{"rendered":"https:\/\/catherineburry.com\/catherine-burry-biography\/"},"modified":"2024-04-04T03:34:18","modified_gmt":"2024-04-04T03:34:18","slug":"catherine-burry-biography","status":"publish","type":"page","link":"https:\/\/catherineburry.com\/en\/catherine-burry-biography\/","title":{"rendered":"Catherine Burry Biography"},"content":{"rendered":"<p>[et_pb_section fb_built=&#8221;1&#8243; _builder_version=&#8221;4.24.2&#8243; _module_preset=&#8221;default&#8221; global_colors_info=&#8221;{}&#8221;][et_pb_row _builder_version=&#8221;4.24.2&#8243; _module_preset=&#8221;default&#8221; animation_style=&#8221;slide&#8221; global_colors_info=&#8221;{}&#8221;][et_pb_column type=&#8221;4_4&#8243; _builder_version=&#8221;4.24.2&#8243; _module_preset=&#8221;default&#8221; global_colors_info=&#8221;{}&#8221;][et_pb_text _builder_version=&#8221;4.24.2&#8243; _module_preset=&#8221;default&#8221; header_line_height=&#8221;1.2em&#8221; global_colors_info=&#8221;{}&#8221;]<\/p>\n<h1><strong>Biography <br \/>Catherine Burry<\/strong><\/h1>\n<p>[\/et_pb_text][\/et_pb_column][\/et_pb_row][et_pb_row column_structure=&#8221;1_3,2_3&#8243; _builder_version=&#8221;4.24.2&#8243; _module_preset=&#8221;default&#8221; global_colors_info=&#8221;{}&#8221;][et_pb_column type=&#8221;1_3&#8243; _builder_version=&#8221;4.24.2&#8243; _module_preset=&#8221;default&#8221; global_colors_info=&#8221;{}&#8221;][et_pb_image src=&#8221;https:\/\/catherineburry.com\/wp-content\/uploads\/2024\/03\/catherine-2-scaled.jpg&#8221; alt=&#8221;Catherine Burry&#8221; title_text=&#8221;catherine-2&#8243; _builder_version=&#8221;4.24.2&#8243; _module_preset=&#8221;default&#8221; global_colors_info=&#8221;{}&#8221;][\/et_pb_image][\/et_pb_column][et_pb_column type=&#8221;2_3&#8243; _builder_version=&#8221;4.24.2&#8243; _module_preset=&#8221;default&#8221; global_colors_info=&#8221;{}&#8221;][et_pb_text _builder_version=&#8221;4.24.2&#8243; _module_preset=&#8221;default&#8221; global_colors_info=&#8221;{}&#8221;]<\/p>\n<h4><strong><em>Painting &amp; Sculpture Courses:<\/em><\/strong><\/h4>\n<ul>\n<li><em>Saidye Bronfman Centre<\/em><\/li>\n<li><em>UQAM<\/em><\/li>\n<li><em>Concordia University<\/em><\/li>\n<li><em>Visual Arts Centre, Westmount<\/em><\/li>\n<\/ul>\n<p>Solo and group exhibitions since 1995: Canada, Switzerland, Barbados<\/p>\n<p style=\"padding-bottom: 20px;\">(CAPS, juried exhibitions, Saint-Jean-sur-Richelieu, Qu\u00e9bec 1995-1998)<\/p>\n<h4><strong><em>Private Collections<\/em><em>:<\/em><\/strong><\/h4>\n<ul>\n<li><em>Caisse des D\u00e9p\u00f4ts et Placements du Qu\u00e9bec<\/em><\/li>\n<li><em>&#8211; CITQ CDP CAPITAL Real Estate Group<\/em><\/li>\n<li><em>Adviso, promotion and marketing agency<\/em><\/li>\n<\/ul>\n<h4><strong><em>Exhibition Locations<\/em><em>:<\/em><\/strong><\/h4>\n<ul>\n<li><em>Espace arts du fer,<\/em> 1000 de la Gaucheti\u00e8re Street West, (MZ), Montr\u00e9al, Qu\u00e9bec, 2008-2014<\/li>\n<li><em>Galerie Nu Edge<\/em> (2009 &#8211; 2011) 1480 rue Sherbrooke Ouest, Montr\u00e9al<\/li>\n<\/ul>\n<h4><strong><em>Annual Competitions :<\/em><\/strong><\/h4>\n<ul>\n<li>Sculpture : <em>Mus\u00e9e du Bronze,<br \/>Inverness<\/em>, QC<\/li>\n<li>Painting : <em>Galerie Beaux-Arts des Am\u00e9riques<\/em>, Montr\u00e9al<\/li>\n<\/ul>\n<h4><em><strong>Custom Orders :<\/strong><\/em><\/h4>\n<ul>\n<li>Custom canvases or sculptures<\/li>\n<li>Design &amp; creation of Awards<\/li>\n<\/ul>\n<p>[\/et_pb_text][\/et_pb_column][\/et_pb_row][\/et_pb_section]<\/p>\n","protected":false},"excerpt":{"rendered":"<p>Catherine Burry Biography<br \/>\nPainter-Sculptor<\/p>\n<p>Custom canvases or sculptures<br \/>\nDesign &amp; creation of Awards<\/p>\n","protected":false},"author":2,"featured_media":365,"parent":0,"menu_order":0,"comment_status":"closed","ping_status":"closed","template":"","meta":{"_et_pb_use_builder":"on","_et_pb_old_content":"","_et_gb_content_width":"","inline_featured_image":false,"footnotes":""},"class_list":["post-377","page","type-page","status-publish","has-post-thumbnail","hentry"],"yoast_head":"<!-- This site is optimized with the Yoast SEO plugin v25.4 - https:\/\/yoast.com\/wordpress\/plugins\/seo\/ -->\n<title>Catherine Burry Biography - Catherine Burry<\/title>\n<meta name=\"description\" content=\"Catherine Burry BIOGRAPHY \u2013 Painting and Sculpture Courses Design and creation of Awards\" \/>\n<meta name=\"robots\" content=\"index, follow, max-snippet:-1, max-image-preview:large, max-video-preview:-1\" \/>\n<link rel=\"canonical\" href=\"https:\/\/catherineburry.com\/en\/catherine-burry-biography\/\" \/>\n<meta property=\"og:locale\" content=\"en_US\" \/>\n<meta property=\"og:type\" content=\"article\" \/>\n<meta property=\"og:title\" content=\"Catherine Burry Biography - Catherine Burry\" \/>\n<meta property=\"og:description\" content=\"Catherine Burry BIOGRAPHY \u2013 Painting and Sculpture Courses Design and creation of Awards\" \/>\n<meta property=\"og:url\" content=\"https:\/\/catherineburry.com\/en\/catherine-burry-biography\/\" \/>\n<meta property=\"og:site_name\" content=\"Catherine Burry\" \/>\n<meta property=\"article:modified_time\" content=\"2024-04-04T03:34:18+00:00\" \/>\n<meta property=\"og:image\" content=\"https:\/\/catherineburry.com\/wp-content\/uploads\/2024\/02\/Inukshuk-1024x680.png\" \/>\n\t<meta property=\"og:image:width\" content=\"1024\" \/>\n\t<meta property=\"og:image:height\" content=\"680\" \/>\n\t<meta property=\"og:image:type\" content=\"image\/png\" \/>\n<meta name=\"twitter:card\" content=\"summary_large_image\" \/>\n<meta name=\"twitter:label1\" content=\"Est. reading time\" \/>\n\t<meta name=\"twitter:data1\" content=\"1 minute\" \/>\n<script type=\"application\/ld+json\" class=\"yoast-schema-graph\">{\"@context\":\"https:\/\/schema.org\",\"@graph\":[{\"@type\":\"WebPage\",\"@id\":\"https:\/\/catherineburry.com\/en\/catherine-burry-biography\/\",\"url\":\"https:\/\/catherineburry.com\/en\/catherine-burry-biography\/\",\"name\":\"Catherine Burry Biography - Catherine Burry\",\"isPartOf\":{\"@id\":\"https:\/\/catherineburry.com\/en\/#website\"},\"primaryImageOfPage\":{\"@id\":\"https:\/\/catherineburry.com\/en\/catherine-burry-biography\/#primaryimage\"},\"image\":{\"@id\":\"https:\/\/catherineburry.com\/en\/catherine-burry-biography\/#primaryimage\"},\"thumbnailUrl\":\"https:\/\/catherineburry.com\/wp-content\/uploads\/2024\/03\/catherine-2-scaled.jpg\",\"datePublished\":\"2024-02-27T04:04:06+00:00\",\"dateModified\":\"2024-04-04T03:34:18+00:00\",\"description\":\"Catherine Burry BIOGRAPHY \u2013 Painting and Sculpture Courses Design and creation of Awards\",\"breadcrumb\":{\"@id\":\"https:\/\/catherineburry.com\/en\/catherine-burry-biography\/#breadcrumb\"},\"inLanguage\":\"en-US\",\"potentialAction\":[{\"@type\":\"ReadAction\",\"target\":[\"https:\/\/catherineburry.com\/en\/catherine-burry-biography\/\"]}]},{\"@type\":\"ImageObject\",\"inLanguage\":\"en-US\",\"@id\":\"https:\/\/catherineburry.com\/en\/catherine-burry-biography\/#primaryimage\",\"url\":\"https:\/\/catherineburry.com\/wp-content\/uploads\/2024\/03\/catherine-2-scaled.jpg\",\"contentUrl\":\"https:\/\/catherineburry.com\/wp-content\/uploads\/2024\/03\/catherine-2-scaled.jpg\",\"width\":1948,\"height\":2560},{\"@type\":\"BreadcrumbList\",\"@id\":\"https:\/\/catherineburry.com\/en\/catherine-burry-biography\/#breadcrumb\",\"itemListElement\":[{\"@type\":\"ListItem\",\"position\":1,\"name\":\"Accueil\",\"item\":\"https:\/\/catherineburry.com\/en\/\"},{\"@type\":\"ListItem\",\"position\":2,\"name\":\"Catherine Burry Biography\"}]},{\"@type\":\"WebSite\",\"@id\":\"https:\/\/catherineburry.com\/en\/#website\",\"url\":\"https:\/\/catherineburry.com\/en\/\",\"name\":\"Catherine Burry\",\"description\":\"Catherine Burry artiste \u2014 sculpture - peinture \",\"publisher\":{\"@id\":\"https:\/\/catherineburry.com\/en\/#\/schema\/person\/7f18e21d585a729f98ae3b3f382e1917\"},\"alternateName\":\"Catherine Burry artiste multidisciplinaire\",\"potentialAction\":[{\"@type\":\"SearchAction\",\"target\":{\"@type\":\"EntryPoint\",\"urlTemplate\":\"https:\/\/catherineburry.com\/en\/?s={search_term_string}\"},\"query-input\":{\"@type\":\"PropertyValueSpecification\",\"valueRequired\":true,\"valueName\":\"search_term_string\"}}],\"inLanguage\":\"en-US\"},{\"@type\":[\"Person\",\"Organization\"],\"@id\":\"https:\/\/catherineburry.com\/en\/#\/schema\/person\/7f18e21d585a729f98ae3b3f382e1917\",\"name\":\"Catherine Burry\",\"image\":{\"@type\":\"ImageObject\",\"inLanguage\":\"en-US\",\"@id\":\"https:\/\/catherineburry.com\/en\/#\/schema\/person\/image\/\",\"url\":\"https:\/\/catherineburry.com\/wp-content\/uploads\/2024\/02\/Burry.svg\",\"contentUrl\":\"https:\/\/catherineburry.com\/wp-content\/uploads\/2024\/02\/Burry.svg\",\"width\":\"1024\",\"height\":\"1024\",\"caption\":\"Catherine Burry\"},\"logo\":{\"@id\":\"https:\/\/catherineburry.com\/en\/#\/schema\/person\/image\/\"},\"sameAs\":[\"https:\/\/catherineburry.com\"]}]}<\/script>\n<!-- \/ Yoast SEO plugin. -->","yoast_head_json":{"title":"Catherine Burry Biography - Catherine Burry","description":"Catherine Burry BIOGRAPHY \u2013 Painting and Sculpture Courses Design and creation of Awards","robots":{"index":"index","follow":"follow","max-snippet":"max-snippet:-1","max-image-preview":"max-image-preview:large","max-video-preview":"max-video-preview:-1"},"canonical":"https:\/\/catherineburry.com\/en\/catherine-burry-biography\/","og_locale":"en_US","og_type":"article","og_title":"Catherine Burry Biography - Catherine Burry","og_description":"Catherine Burry BIOGRAPHY \u2013 Painting and Sculpture Courses Design and creation of Awards","og_url":"https:\/\/catherineburry.com\/en\/catherine-burry-biography\/","og_site_name":"Catherine Burry","article_modified_time":"2024-04-04T03:34:18+00:00","og_image":[{"width":1024,"height":680,"url":"https:\/\/catherineburry.com\/wp-content\/uploads\/2024\/02\/Inukshuk-1024x680.png","type":"image\/png"}],"twitter_card":"summary_large_image","twitter_misc":{"Est. reading time":"1 minute"},"schema":{"@context":"https:\/\/schema.org","@graph":[{"@type":"WebPage","@id":"https:\/\/catherineburry.com\/en\/catherine-burry-biography\/","url":"https:\/\/catherineburry.com\/en\/catherine-burry-biography\/","name":"Catherine Burry Biography - Catherine Burry","isPartOf":{"@id":"https:\/\/catherineburry.com\/en\/#website"},"primaryImageOfPage":{"@id":"https:\/\/catherineburry.com\/en\/catherine-burry-biography\/#primaryimage"},"image":{"@id":"https:\/\/catherineburry.com\/en\/catherine-burry-biography\/#primaryimage"},"thumbnailUrl":"https:\/\/catherineburry.com\/wp-content\/uploads\/2024\/03\/catherine-2-scaled.jpg","datePublished":"2024-02-27T04:04:06+00:00","dateModified":"2024-04-04T03:34:18+00:00","description":"Catherine Burry BIOGRAPHY \u2013 Painting and Sculpture Courses Design and creation of Awards","breadcrumb":{"@id":"https:\/\/catherineburry.com\/en\/catherine-burry-biography\/#breadcrumb"},"inLanguage":"en-US","potentialAction":[{"@type":"ReadAction","target":["https:\/\/catherineburry.com\/en\/catherine-burry-biography\/"]}]},{"@type":"ImageObject","inLanguage":"en-US","@id":"https:\/\/catherineburry.com\/en\/catherine-burry-biography\/#primaryimage","url":"https:\/\/catherineburry.com\/wp-content\/uploads\/2024\/03\/catherine-2-scaled.jpg","contentUrl":"https:\/\/catherineburry.com\/wp-content\/uploads\/2024\/03\/catherine-2-scaled.jpg","width":1948,"height":2560},{"@type":"BreadcrumbList","@id":"https:\/\/catherineburry.com\/en\/catherine-burry-biography\/#breadcrumb","itemListElement":[{"@type":"ListItem","position":1,"name":"Accueil","item":"https:\/\/catherineburry.com\/en\/"},{"@type":"ListItem","position":2,"name":"Catherine Burry Biography"}]},{"@type":"WebSite","@id":"https:\/\/catherineburry.com\/en\/#website","url":"https:\/\/catherineburry.com\/en\/","name":"Catherine Burry","description":"Catherine Burry artiste \u2014 sculpture - peinture ","publisher":{"@id":"https:\/\/catherineburry.com\/en\/#\/schema\/person\/7f18e21d585a729f98ae3b3f382e1917"},"alternateName":"Catherine Burry artiste multidisciplinaire","potentialAction":[{"@type":"SearchAction","target":{"@type":"EntryPoint","urlTemplate":"https:\/\/catherineburry.com\/en\/?s={search_term_string}"},"query-input":{"@type":"PropertyValueSpecification","valueRequired":true,"valueName":"search_term_string"}}],"inLanguage":"en-US"},{"@type":["Person","Organization"],"@id":"https:\/\/catherineburry.com\/en\/#\/schema\/person\/7f18e21d585a729f98ae3b3f382e1917","name":"Catherine Burry","image":{"@type":"ImageObject","inLanguage":"en-US","@id":"https:\/\/catherineburry.com\/en\/#\/schema\/person\/image\/","url":"https:\/\/catherineburry.com\/wp-content\/uploads\/2024\/02\/Burry.svg","contentUrl":"https:\/\/catherineburry.com\/wp-content\/uploads\/2024\/02\/Burry.svg","width":"1024","height":"1024","caption":"Catherine Burry"},"logo":{"@id":"https:\/\/catherineburry.com\/en\/#\/schema\/person\/image\/"},"sameAs":["https:\/\/catherineburry.com"]}]}},"_links":{"self":[{"href":"https:\/\/catherineburry.com\/en\/wp-json\/wp\/v2\/pages\/377","targetHints":{"allow":["GET"]}}],"collection":[{"href":"https:\/\/catherineburry.com\/en\/wp-json\/wp\/v2\/pages"}],"about":[{"href":"https:\/\/catherineburry.com\/en\/wp-json\/wp\/v2\/types\/page"}],"author":[{"embeddable":true,"href":"https:\/\/catherineburry.com\/en\/wp-json\/wp\/v2\/users\/2"}],"replies":[{"embeddable":true,"href":"https:\/\/catherineburry.com\/en\/wp-json\/wp\/v2\/comments?post=377"}],"version-history":[{"count":4,"href":"https:\/\/catherineburry.com\/en\/wp-json\/wp\/v2\/pages\/377\/revisions"}],"predecessor-version":[{"id":559,"href":"https:\/\/catherineburry.com\/en\/wp-json\/wp\/v2\/pages\/377\/revisions\/559"}],"wp:featuredmedia":[{"embeddable":true,"href":"https:\/\/catherineburry.com\/en\/wp-json\/wp\/v2\/media\/365"}],"wp:attachment":[{"href":"https:\/\/catherineburry.com\/en\/wp-json\/wp\/v2\/media?parent=377"}],"curies":[{"name":"wp","href":"https:\/\/api.w.org\/{rel}","templated":true}]}}